{"id":7142,"date":"2018-05-30T22:36:09","date_gmt":"2018-05-30T22:36:09","guid":{"rendered":"http:\/\/themeforest.unitedthemes.com\/wpversions\/brooklyn\/xml\/demo23\/contact-2-2-copy\/"},"modified":"2026-04-10T16:51:07","modified_gmt":"2026-04-10T14:51:07","slug":"komunikacja","status":"publish","type":"page","link":"https:\/\/prismstudio.pl\/index.php\/komunikacja\/","title":{"rendered":"Komunikacja z akcjonariuszami"},"content":{"rendered":"<div class=\"wpb-content-wrapper\"><p>[vc_section css=&#8221;.vc_custom_1527694031773{background-color: #fafafa !important;}&#8221;][vc_row][vc_column]<div class=\"wpb_content_element \"><style type=\"text\/css\">#ut_header_69e1dfc43b1a2 h2.section-title { font-size:66px !important;line-height:72px !important;letter-spacing:-0.05em; }<\/style><header id=\"ut_header_69e1dfc43b1a2\" class=\"section-header  ut-no-title-linebreak-mobile ut-no-lead-linebreak-mobile pt-style-2 header-center header-tablet-center header-mobile-center element-with-custom-line-height\"><div class=\"element-with-custom-line-height\" ><h2 data-title=\"KOMUNIKACJA Z AKCJONARIUSZAMI\"  data-responsive-font=\"section_title\" data-responsive-font-settings=\"{&quot;base-font-size&quot;:&quot;global&quot;,&quot;font-size&quot;:{&quot;desktop_large&quot;:&quot;66&quot;},&quot;base-line-height&quot;:&quot;global&quot;,&quot;line-height&quot;:{&quot;desktop_large&quot;:&quot;72&quot;},&quot;base-letter-spacing&quot;:&quot;global&quot;,&quot;letter-spacing&quot;:{&quot;desktop_large&quot;:&quot;-0.05&quot;}}\" class=\"section-title  \"><span>KOMUNIKACJA Z AKCJONARIUSZAMI<\/span><\/h2><\/div><\/header><\/div><div class=\"wpb_content_element \"><style type=\"text\/css\">#ut_header_69e1dfc43ce21 h5.section-title { font-size:100px !important;line-height:100px !important;letter-spacing:-0.04em; }@media (min-width: 1025px) and (max-width: 1679px) {#ut_header_69e1dfc43ce21 h5.section-title { letter-spacing:-0.04em; }}@media (min-width: 768px) and (max-width: 1024px) {#ut_header_69e1dfc43ce21 h5.section-title { letter-spacing:-0.04em; }}@media (max-width: 767px) {#ut_header_69e1dfc43ce21 h5.section-title { letter-spacing:-0.04em; }}#ut_header_69e1dfc43ce21 .lead ins { color:#333333; }<\/style><header id=\"ut_header_69e1dfc43ce21\" class=\"section-header  ut-no-title-linebreak-mobile ut-no-lead-linebreak-mobile pt-style-2 header-center header-tablet-center header-mobile-center element-with-custom-line-height\"><div class=\"element-with-custom-line-height\" ><h5 data-title=\"WEZWANIE AKCJONARIUSZY DO Z\u0141O\u017bENIA DOKUMENT\u00d3W AKCJI\"  data-responsive-font=\"section_title\" data-responsive-font-settings=\"{&quot;base-font-size&quot;:&quot;100&quot;,&quot;font-size-unit&quot;:&quot;px&quot;,&quot;font-size&quot;:{&quot;desktop_large&quot;:&quot;100&quot;},&quot;base-line-height&quot;:&quot;100&quot;,&quot;line-height-unit&quot;:&quot;px&quot;,&quot;line-height&quot;:{&quot;desktop_large&quot;:&quot;100&quot;},&quot;base-letter-spacing&quot;:&quot;-0.04&quot;,&quot;letter-spacing&quot;:{&quot;desktop_large&quot;:&quot;-0.04&quot;}}\" class=\"section-title  \"><span>WEZWANIE AKCJONARIUSZY DO Z\u0141O\u017bENIA DOKUMENT\u00d3W AKCJI<\/span><\/h5><\/div><div data-delay=\"0\" class=\"lead \"><p>Zarz\u0105d Prism Roman Kondratiuk sp\u00f3\u0142ka komandytowo \u2013 akcyjna z siedzib\u0105 w Krakowie, ul. Cieszy\u0144ska 6\/17, 30-015 Krak\u00f3w (dalej Sp\u00f3\u0142ka), na podstawie art. 16 ust. 1 ustawy z dnia 30 sierpnia 2019 roku o zmianie ustawy \u2013 Kodeks sp\u00f3\u0142ek handlowych oraz niekt\u00f3rych innych ustaw (Dz. U. z 2019 r., poz. 1798) wzywa akcjonariuszy Sp\u00f3\u0142ki do z\u0142o\u017cenia dokument\u00f3w akcji w celu ich dematerializacji. Dokumenty akcji nale\u017cy sk\u0142ada\u0107 w siedzibie Sp\u00f3\u0142ki w w Krakowie (30-015), ul. Cieszy\u0144ska 6\/17, w dni robocze od poniedzia\u0142ku do pi\u0105tku (za wyj\u0105tkiem dni ustawowo wolnych od pracy) w godzinach 9:00 \u2013 17:00.<\/p>\n<\/div><\/header><\/div>[\/vc_column][\/vc_row][\/vc_section]<\/p>\n<\/div>","protected":false},"excerpt":{"rendered":"<p>[vc_section css=&#8221;.vc_custom_1527694031773{background-color: #fafafa !important;}&#8221;][vc_row][vc_column][\/vc_column][\/vc_row][\/vc_section]<\/p>\n","protected":false},"author":1,"featured_media":0,"parent":0,"menu_order":0,"comment_status":"closed","ping_status":"closed","template":"","meta":{"footnotes":""},"class_list":["post-7142","page","type-page","status-publish","hentry"],"_links":{"self":[{"href":"https:\/\/prismstudio.pl\/index.php\/wp-json\/wp\/v2\/pages\/7142","targetHints":{"allow":["GET"]}}],"collection":[{"href":"https:\/\/prismstudio.pl\/index.php\/wp-json\/wp\/v2\/pages"}],"about":[{"href":"https:\/\/prismstudio.pl\/index.php\/wp-json\/wp\/v2\/types\/page"}],"author":[{"embeddable":true,"href":"https:\/\/prismstudio.pl\/index.php\/wp-json\/wp\/v2\/users\/1"}],"replies":[{"embeddable":true,"href":"https:\/\/prismstudio.pl\/index.php\/wp-json\/wp\/v2\/comments?post=7142"}],"version-history":[{"count":6,"href":"https:\/\/prismstudio.pl\/index.php\/wp-json\/wp\/v2\/pages\/7142\/revisions"}],"predecessor-version":[{"id":8157,"href":"https:\/\/prismstudio.pl\/index.php\/wp-json\/wp\/v2\/pages\/7142\/revisions\/8157"}],"wp:attachment":[{"href":"https:\/\/prismstudio.pl\/index.php\/wp-json\/wp\/v2\/media?parent=7142"}],"curies":[{"name":"wp","href":"https:\/\/api.w.org\/{rel}","templated":true}]}}